{"id":499,"date":"2024-09-05T05:14:40","date_gmt":"2024-09-05T05:14:40","guid":{"rendered":"https:\/\/laborshortage.la\/about"},"modified":"2024-09-05T23:30:58","modified_gmt":"2024-09-05T23:30:58","slug":"about","status":"publish","type":"page","link":"https:\/\/laborshortage.la\/es\/about\/","title":{"rendered":"Acerca de"},"content":{"rendered":"<div class=\"wp-block-uagb-container uagb-block-37fe9e23 alignfull uagb-is-root-container\"><div class=\"uagb-container-inner-blocks-wrap\">\n<div class=\"wp-block-uagb-advanced-heading uagb-block-d36b578f\"><h1 class=\"uagb-heading-text\">Sobre nosotros<\/h1><\/div>\n<\/div><\/div>\n\n\n\n<div class=\"wp-block-uagb-container uagb-block-e4be775b alignfull uagb-is-root-container\"><div class=\"uagb-container-inner-blocks-wrap\">\n<div class=\"wp-block-uagb-info-box uagb-block-1160787b uagb-infobox__content-wrap  uagb-infobox-icon-above-title uagb-infobox-image-valign-top\"><div class=\"uagb-ifb-content\"><div class=\"uagb-ifb-title-wrap\"><h3 class=\"uagb-ifb-title-prefix\">Sobre nosotros<\/h3><h2 class=\"uagb-ifb-title\">En caso de escasez de mano de obra,<\/h2><\/div><p class=\"uagb-ifb-desc\">Nuestro objetivo es simple: cerrar la brecha entre quienes buscan mano de obra calificada y los trabajadores que buscan oportunidades. Inspirados por la necesidad de una mejor comunicaci\u00f3n y conexi\u00f3n en el mercado laboral, hemos creado una plataforma que facilita a los propietarios de viviendas, contratistas y empresas encontrar mano de obra confiable de manera r\u00e1pida y eficiente.<\/p><div class=\"uagb-ifb-button-wrapper wp-block-button\"><a href=\"https:\/\/laborshortage.la\/es\/services\/\" class=\"uagb-infobox-cta-link wp-block-button__link\" target=\"_self\" rel=\"noopener noreferrer\" onclick=\"return true;\"><span class=\"uagb-inline-editing\">T\u00e9rminos y condiciones<\/span><\/a><\/div><\/div><\/div>\n\n\n\n<div class=\"wp-block-uagb-container uagb-block-9a4bad7b\">\n<div class=\"wp-block-uagb-info-box uagb-block-639134ac uagb-infobox__content-wrap  uagb-infobox-icon-left uagb-infobox-left uagb-infobox-stacked-mobile uagb-infobox-image-valign-top wp-block-uagb-info-box--has-margin\"><div class=\"uagb-infobox-margin-wrapper\"><div class=\"uagb-ifb-content\"><div class=\"uagb-ifb-title-wrap\"><h3 class=\"uagb-ifb-title\">Nuestra misi\u00f3n<\/h3><\/div><p class=\"uagb-ifb-desc\">Nuestra misi\u00f3n es simplificar el proceso de b\u00fasqueda de mano de obra asequible y, al mismo tiempo, facilitar que los trabajadores se conecten con oportunidades cerca de su hogar. Ya sea que sea un propietario que necesita ayuda con un proyecto de mejoras en el hogar o un contratista que busca manos expertas, Labor Shortage ofrece una plataforma accesible y f\u00e1cil de usar para satisfacer sus necesidades.<\/p><\/div><\/div><\/div>\n\n\n\n<div class=\"wp-block-uagb-info-box uagb-block-14f4c019 uagb-infobox__content-wrap  uagb-infobox-icon-left uagb-infobox-left uagb-infobox-stacked-mobile uagb-infobox-image-valign-top wp-block-uagb-info-box--has-margin\"><div class=\"uagb-infobox-margin-wrapper\"><div class=\"uagb-ifb-content\"><div class=\"uagb-ifb-title-wrap\"><h3 class=\"uagb-ifb-title\">Lo que nos distingue<\/h3><\/div><p class=\"uagb-ifb-desc\">Labor Shortage ofrece una variedad de caracter\u00edsticas \u00fanicas que nos distinguen. Nuestra plataforma incluye una herramienta de traducci\u00f3n integrada para una comunicaci\u00f3n fluida entre usuarios de habla inglesa y espa\u00f1ola, lo que garantiza que nada se pierda en la traducci\u00f3n. Adem\u00e1s, permitimos que todos los usuarios (no solo los contratistas) publiquen anuncios de trabajo y se conecten directamente con los trabajadores antes de que comience cualquier trabajo, lo que garantiza claridad y confianza en cada contrataci\u00f3n.<\/p><\/div><\/div><\/div>\n\n\n\n<div class=\"wp-block-uagb-info-box uagb-block-c55bf804 uagb-infobox__content-wrap  uagb-infobox-icon-left uagb-infobox-left uagb-infobox-stacked-mobile uagb-infobox-image-valign-top wp-block-uagb-info-box--has-margin\"><div class=\"uagb-infobox-margin-wrapper\"><div class=\"uagb-ifb-content\"><div class=\"uagb-ifb-title-wrap\"><h3 class=\"uagb-ifb-title\"><strong>A qui\u00e9n servimos<\/strong><\/h3><\/div><p class=\"uagb-ifb-desc\">Nos dirigimos a un p\u00fablico amplio, desde propietarios individuales que buscan ayuda con proyectos en el hogar hasta grandes empresas y contratistas que necesitan mano de obra calificada para trabajos comerciales. Ya sea que est\u00e9 buscando mano de obra u ofreciendo sus servicios, Labor Shortage hace que encontrar la opci\u00f3n adecuada sea r\u00e1pido y f\u00e1cil.<\/p><\/div><\/div><\/div>\n<\/div>\n<\/div><\/div>\n\n\n\n<div class=\"wp-block-uagb-container uagb-block-f80f4632 alignfull uagb-is-root-container\"><div class=\"uagb-container-inner-blocks-wrap\">\n<div class=\"wp-block-uagb-info-box uagb-block-bdc87ec8 uagb-infobox__content-wrap  uagb-infobox-icon-above-title uagb-infobox-image-valign-top\"><div class=\"uagb-ifb-content\"><div class=\"uagb-ifb-title-wrap\"><h3 class=\"uagb-ifb-title-prefix\">Nuestra visi\u00f3n<\/h3><h2 class=\"uagb-ifb-title\">Nuestra visi\u00f3n para el futuro<\/h2><\/div><\/div><\/div>\n\n\n\n<p>Nuestra visi\u00f3n a largo plazo es expandirnos m\u00e1s all\u00e1 de conectar a las personas con la mano de obra. Nuestro objetivo es integrar un mercado de materiales donde los usuarios puedan comprar productos esenciales como cuarzo, madera y otros materiales para mejoras del hogar directamente a trav\u00e9s de la aplicaci\u00f3n. Nuestro objetivo es mantener a todos, desde los trabajadores hasta los proveedores, conectados, para que los trabajos se puedan completar sin problemas con los recursos adecuados a mano.<\/p>\n\n\n\n<div class=\"wp-block-uagb-info-box uagb-block-5f1e1258 uagb-infobox__content-wrap  uagb-infobox-icon-above-title uagb-infobox-image-valign-top\"><div class=\"uagb-ifb-content\"><div class=\"uagb-ifb-title-wrap\"><h3 class=\"uagb-ifb-title-prefix\">Nuestros est\u00e1ndares<\/h3><h2 class=\"uagb-ifb-title\">Calidad en la que puede confiar<\/h2><\/div><\/div><\/div>\n\n\n\n<p>Garantizamos profesionalidad y confianza a trav\u00e9s de nuestra funci\u00f3n de creaci\u00f3n de curr\u00edculums. Los trabajadores pueden mostrar su experiencia y calificaciones, lo que brinda a los anunciantes de empleo la confianza de que han elegido el trabajo. Antes de comenzar cualquier comunicaci\u00f3n, conocer\u00e1 los antecedentes y la experiencia del trabajador para garantizar que sea perfecto para la tarea en cuesti\u00f3n.<\/p>\n\n\n\n<div class=\"wp-block-uagb-info-box uagb-block-704d5520 uagb-infobox__content-wrap  uagb-infobox-icon-above-title uagb-infobox-image-valign-top\"><div class=\"uagb-ifb-content\"><div class=\"uagb-ifb-title-wrap\"><h3 class=\"uagb-ifb-title-prefix\">Nuestro equipo<\/h3><h2 class=\"uagb-ifb-title\">Nuestros expertos<\/h2><\/div><\/div><\/div>\n\n\n\n<p>Labor Shortage est\u00e1 impulsada por dos fundadores apasionados que, junto con un talentoso grupo de desarrolladores, est\u00e1n comprometidos a hacer crecer esta plataforma para convertirla en el lugar de referencia para encontrar y ofrecer mano de obra. Estamos entusiasmados con el futuro y esperamos expandir tanto nuestro equipo como el impacto que tenemos en el mercado laboral.<\/p>\n<\/div><\/div>\n\n\n\n<div class=\"wp-block-uagb-container uagb-block-8fe14de4 alignfull uagb-is-root-container\"><\/div>","protected":false},"excerpt":{"rendered":"<p>Sobre nosotros. Nuestra visi\u00f3n a largo plazo es expandirnos m\u00e1s all\u00e1 de conectar a las personas con la mano de obra. Buscamos integrar un mercado de materiales donde los usuarios puedan comprar productos esenciales como cuarzo, madera y otros materiales para mejoras del hogar directamente a trav\u00e9s de la aplicaci\u00f3n. Nuestro objetivo es mantener a todos, desde trabajadores hasta proveedores, conectados, para que los trabajos se completen sin problemas con [\u2026]<\/p>","protected":false},"author":1,"featured_media":0,"parent":0,"menu_order":0,"comment_status":"closed","ping_status":"closed","template":"","meta":{"_uag_custom_page_level_css":"","site-sidebar-layout":"no-sidebar","site-content-layout":"plain-container","ast-site-content-layout":"normal-width-container","site-content-style":"unboxed","site-sidebar-style":"unboxed","ast-global-header-display":"","ast-banner-title-visibility":"","ast-main-header-display":"","ast-hfb-above-header-display":"","ast-hfb-below-header-display":"","ast-hfb-mobile-header-display":"","site-post-title":"disabled","ast-breadcrumbs-content":"","ast-featured-img":"disabled","footer-sml-layout":"","theme-transparent-header-meta":"enabled","adv-header-id-meta":"","stick-header-meta":"","header-above-stick-meta":"","header-main-stick-meta":"","header-below-stick-meta":"","astra-migrate-meta-layouts":"set","ast-page-background-enabled":"default","ast-page-background-meta":{"desktop":{"background-color":"var(--ast-global-color-4)","background-image":"","background-repeat":"repeat","background-position":"center center","background-size":"auto","background-attachment":"scroll","background-type":"","background-media":"","overlay-type":"","overlay-color":"","overlay-opacity":"","overlay-gradient":""},"tablet":{"background-color":"","background-image":"","background-repeat":"repeat","background-position":"center center","background-size":"auto","background-attachment":"scroll","background-type":"","background-media":"","overlay-type":"","overlay-color":"","overlay-opacity":"","overlay-gradient":""},"mobile":{"background-color":"","background-image":"","background-repeat":"repeat","background-position":"center center","background-size":"auto","background-attachment":"scroll","background-type":"","background-media":"","overlay-type":"","overlay-color":"","overlay-opacity":"","overlay-gradient":""}},"ast-content-background-meta":{"desktop":{"background-color":"var(--ast-global-color-5)","background-image":"","background-repeat":"repeat","background-position":"center center","background-size":"auto","background-attachment":"scroll","background-type":"","background-media":"","overlay-type":"","overlay-color":"","overlay-opacity":"","overlay-gradient":""},"tablet":{"background-color":"var(--ast-global-color-5)","background-image":"","background-repeat":"repeat","background-position":"center center","background-size":"auto","background-attachment":"scroll","background-type":"","background-media":"","overlay-type":"","overlay-color":"","overlay-opacity":"","overlay-gradient":""},"mobile":{"background-color":"var(--ast-global-color-5)","background-image":"","background-repeat":"repeat","background-position":"center center","background-size":"auto","background-attachment":"scroll","background-type":"","background-media":"","overlay-type":"","overlay-color":"","overlay-opacity":"","overlay-gradient":""}},"footnotes":""},"class_list":["post-499","page","type-page","status-publish","hentry"],"uagb_featured_image_src":{"full":false,"thumbnail":false,"medium":false,"medium_large":false,"large":false,"1536x1536":false,"2048x2048":false,"trp-custom-language-flag":false},"uagb_author_info":{"display_name":"MoudyB123","author_link":"https:\/\/laborshortage.la\/es\/author\/moudyb123\/"},"uagb_comment_info":0,"uagb_excerpt":"About Us Our long-term vision is to expand beyond connecting people with labor. We aim to integrate a materials marketplace where users can purchase essential products like quartz, wood, and other home improvement materials directly through the app. Our goal is to keep everyone\u2014from workers to suppliers\u2014connected, so jobs can be completed smoothly with the&hellip;","jetpack_sharing_enabled":true,"_links":{"self":[{"href":"https:\/\/laborshortage.la\/es\/wp-json\/wp\/v2\/pages\/499","targetHints":{"allow":["GET"]}}],"collection":[{"href":"https:\/\/laborshortage.la\/es\/wp-json\/wp\/v2\/pages"}],"about":[{"href":"https:\/\/laborshortage.la\/es\/wp-json\/wp\/v2\/types\/page"}],"author":[{"embeddable":true,"href":"https:\/\/laborshortage.la\/es\/wp-json\/wp\/v2\/users\/1"}],"replies":[{"embeddable":true,"href":"https:\/\/laborshortage.la\/es\/wp-json\/wp\/v2\/comments?post=499"}],"version-history":[{"count":3,"href":"https:\/\/laborshortage.la\/es\/wp-json\/wp\/v2\/pages\/499\/revisions"}],"predecessor-version":[{"id":1206,"href":"https:\/\/laborshortage.la\/es\/wp-json\/wp\/v2\/pages\/499\/revisions\/1206"}],"wp:attachment":[{"href":"https:\/\/laborshortage.la\/es\/wp-json\/wp\/v2\/media?parent=499"}],"curies":[{"name":"wp","href":"https:\/\/api.w.org\/{rel}","templated":true}]}}