{"id":493,"date":"2024-09-05T05:14:39","date_gmt":"2024-09-05T05:14:39","guid":{"rendered":"https:\/\/laborshortage.la\/home"},"modified":"2026-01-19T21:31:49","modified_gmt":"2026-01-19T21:31:49","slug":"home","status":"publish","type":"page","link":"https:\/\/laborshortage.la\/es\/","title":{"rendered":"Hogar"},"content":{"rendered":"<div class=\"wp-block-uagb-container uagb-block-de13c167 alignfull uagb-is-root-container\"><div class=\"uagb-container-inner-blocks-wrap\">\n<div class=\"wp-block-uagb-info-box uagb-block-60b997e4 uagb-infobox__content-wrap  uagb-infobox-icon-above-title uagb-infobox-image-valign-top\"><div class=\"uagb-ifb-content\"><div class=\"uagb-ifb-title-wrap\"><h3 class=\"uagb-ifb-title-prefix\">Escasez de mano de obra<\/h3><h1 class=\"uagb-ifb-title\">Con\u00e9ctese r\u00e1pidamente con mano de obra calificada<\/h1><\/div><p class=\"uagb-ifb-desc\">Labor Shortage hace que sea r\u00e1pido y sencillo conectarse con trabajadores calificados en su \u00e1rea. Ya sea que sea un propietario que busca una soluci\u00f3n r\u00e1pida o un contratista que necesita ayuda adicional para un gran proyecto, nuestra aplicaci\u00f3n ofrece una soluci\u00f3n perfecta. Una caracter\u00edstica destacada es la capacidad de explorar los perfiles de los trabajadores y ver su trabajo anterior antes de hacer contacto, lo que garantiza que encuentre al candidato adecuado para el trabajo. Adem\u00e1s, nuestro sistema de traducci\u00f3n integrado permite una comunicaci\u00f3n fluida entre hablantes de ingl\u00e9s y espa\u00f1ol, lo que elimina las barreras del idioma. Con mensajer\u00eda instant\u00e1nea y negociaciones de precios realizadas antes de que llegue el trabajador, Labor Shortage lo ayuda a evitar la falta de comunicaci\u00f3n y garantiza la transparencia de principio a fin.<\/p><\/div><\/div>\n\n\n\n<div class=\"wp-block-uagb-buttons uagb-buttons__outer-wrap uagb-btn__default-btn uagb-btn-tablet__default-btn uagb-btn-mobile__default-btn uagb-block-259ae339\"><div class=\"uagb-buttons__wrap uagb-buttons-layout-wrap\">\n<div class=\"wp-block-uagb-buttons-child uagb-buttons__outer-wrap uagb-block-0a0444f4 wp-block-button\"><div class=\"uagb-button__wrapper\"><a class=\"uagb-buttons-repeater wp-block-button__link\" aria-label=\"\" href=\"https:\/\/laborshortage.la\/es\/termconditions\/\" rel=\"follow noopener\" target=\"_self\" role=\"button\"><div class=\"uagb-button__link\">T\u00e9rminos y condiciones<\/div><\/a><\/div><\/div>\n\n\n\n<div class=\"wp-block-uagb-buttons-child uagb-buttons__outer-wrap uagb-block-2d1c8330 wp-block-button\"><div class=\"uagb-button__wrapper\"><a class=\"uagb-buttons-repeater wp-block-button__link\" aria-label=\"\" href=\"https:\/\/laborshortage.la\/es\/contact\/\" rel=\"follow noopener\" target=\"_self\" role=\"button\"><div class=\"uagb-button__link\">Cont\u00e1ctenos<\/div><\/a><\/div><\/div>\n<\/div><\/div>\n\n\n\n<div style=\"height:100px\" aria-hidden=\"true\" class=\"wp-block-spacer\"><\/div>\n<\/div><\/div>\n\n\n\n<p><\/p>\n\n\n\n<div class=\"wp-block-uagb-container uag-blocks-common-selector uagb-block-b582cb62 alignfull uagb-is-root-container\"><div class=\"uagb-container-inner-blocks-wrap\">\n<div class=\"wp-block-uagb-container uagb-block-ab0fc0c8\">\n<div class=\"wp-block-uagb-info-box uagb-block-ea91e5d1 uagb-infobox__content-wrap  uagb-infobox-icon-above-title uagb-infobox-image-valign-top\"><div class=\"uagb-ifb-content\"><div class=\"uagb-ifb-title-wrap\"><h4 class=\"uagb-ifb-title-prefix\">Encuentre al trabajador adecuado r\u00e1pidamente, en cualquier momento y en cualquier lugar<\/h4><h2 class=\"uagb-ifb-title\">Nueva ERA del Trabajo<\/h2><\/div><p class=\"uagb-ifb-desc\">Encuentre la mano de obra experimentada adecuada que necesita de forma r\u00e1pida y dentro de su presupuesto<\/p><div class=\"uagb-ifb-button-wrapper wp-block-button\"><a href=\"https:\/\/apps.apple.com\/us\/app\/labor-shortage\/id6670786595\" class=\"uagb-infobox-cta-link wp-block-button__link\" target=\"_self\" rel=\"noopener noreferrer\" onclick=\"return true;\"><span class=\"uagb-inline-editing\">Descargar para iOS<\/span><\/a><\/div><\/div><\/div>\n\n\n\n<div class=\"wp-block-uagb-info-box uagb-block-5da62a8c uagb-infobox__content-wrap  uagb-infobox-icon-above-title uagb-infobox-image-valign-top\"><div class=\"uagb-ifb-content\"><div class=\"uagb-ifb-title-wrap\"><\/div><div class=\"uagb-ifb-button-wrapper wp-block-button\"><a href=\"https:\/\/play.google.com\/store\/apps\/details?id=com.app.laborshortage&amp;pcampaignid=web_share\" class=\"uagb-infobox-cta-link wp-block-button__link\" target=\"_self\" rel=\"noopener noreferrer\" onclick=\"return true;\"><span class=\"uagb-inline-editing\">Descargar para Android<\/span><\/a><\/div><\/div><\/div>\n<\/div>\n\n\n\n<div class=\"wp-block-uagb-container uagb-layout-flex uagb-block-35e4709c\">\n<div class=\"wp-block-uagb-container uagb-layout-grid uagb-block-6b387464\">\n<div class=\"wp-block-uagb-container uagb-block-6b913dbc\">\n<div class=\"wp-block-uagb-info-box uagb-block-feeafede uagb-infobox__content-wrap  uagb-infobox-icon-above-title uagb-infobox-image-valign-top\"><div class=\"uagb-ifb-content\"><div class=\"uagb-ifb-title-wrap\"><h2 class=\"uagb-ifb-title\">Conectar<\/h2><\/div><p class=\"uagb-ifb-desc\">Con trabajadores de cualquier \u00e1rea<\/p><\/div><\/div>\n<\/div>\n\n\n\n<div class=\"wp-block-uagb-container uagb-block-a1376088\">\n<div class=\"wp-block-uagb-info-box uagb-block-fd9a162f uagb-infobox__content-wrap  uagb-infobox-icon-above-title uagb-infobox-image-valign-top\"><div class=\"uagb-ifb-content\"><div class=\"uagb-ifb-title-wrap\"><h2 class=\"uagb-ifb-title\">Todo<\/h2><\/div><p class=\"uagb-ifb-desc\">Tipos de Trabajo en un clic<\/p><\/div><\/div>\n<\/div>\n\n\n\n<div class=\"wp-block-uagb-container uagb-block-f5bea168\">\n<div class=\"wp-block-uagb-info-box uagb-block-3d320031 uagb-infobox__content-wrap  uagb-infobox-icon-above-title uagb-infobox-image-valign-top\"><div class=\"uagb-ifb-content\"><div class=\"uagb-ifb-title-wrap\"><h2 class=\"uagb-ifb-title\">Hablar<\/h2><\/div><p class=\"uagb-ifb-desc\">En cualquier idioma y que no sea una barrera<\/p><\/div><\/div>\n<\/div>\n\n\n\n<div class=\"wp-block-uagb-container uagb-block-467bfe88\">\n<div class=\"wp-block-uagb-info-box uagb-block-e3b20a30 uagb-infobox__content-wrap  uagb-infobox-icon-above-title uagb-infobox-image-valign-top\"><div class=\"uagb-ifb-content\"><div class=\"uagb-ifb-title-wrap\"><h2 class=\"uagb-ifb-title\">Compartir<\/h2><\/div><p class=\"uagb-ifb-desc\">Trabajo calificado con amigos y familiares<\/p><\/div><\/div>\n<\/div>\n<\/div>\n<\/div>\n<\/div><\/div>\n\n\n\n<div class=\"wp-block-uagb-container uag-blocks-common-selector uagb-block-65b6ce60 alignfull uagb-is-root-container\"><div class=\"uagb-container-inner-blocks-wrap\"><\/div><\/div>\n\n\n\n<div class=\"wp-block-uagb-container uagb-block-8fe14de4 alignfull uagb-is-root-container\">\n<div class=\"wp-block-uagb-container uagb-block-a9df32cb\">\n<div class=\"wp-block-uagb-info-box uagb-block-95bb51ac uagb-infobox__content-wrap  uagb-infobox-icon-above-title uagb-infobox-image-valign-top\"><div class=\"uagb-ifb-content\"><div class=\"uagb-ifb-title-wrap\"><h4 class=\"uagb-ifb-title-prefix\">Escasez de mano de obra<\/h4><h2 class=\"uagb-ifb-title\">Comprometidos a proporcionar la mayor\u00eda de los tipos de mano de obra<\/h2><\/div><p class=\"uagb-ifb-desc\">Intentamos facilitarle la b\u00fasqueda de lo que busca construcci\u00f3n\/automoci\u00f3n etc.<\/p><div class=\"uagb-ifb-button-wrapper wp-block-button\"><a href=\"https:\/\/laborshortage.la\/es\/contact\/\" class=\"uagb-infobox-cta-link wp-block-button__link\" target=\"_self\" rel=\"noopener noreferrer\" onclick=\"return true;\"><span class=\"uagb-inline-editing\">Cont\u00e1ctenos<\/span><\/a><\/div><\/div><\/div>\n<\/div>\n\n\n\n<div class=\"wp-block-uagb-container uagb-block-290b1d46\">\n<div class=\"wp-block-uagb-advanced-heading uagb-block-33642a4f\"><h3 class=\"uagb-heading-text\">Lo que intentamos ofrecer<\/h3><p class=\"uagb-desc-text\">Estas son algunas de las cosas que intentamos lograr con Labor Shortage<\/p><\/div>\n\n\n\n<div class=\"wp-block-uagb-icon-list uagb-block-2c5def50\"><div class=\"uagb-icon-list__wrap\">\n<div class=\"wp-block-uagb-icon-list-child uagb-block-6cc6b37f\"><span class=\"uagb-icon-list__label\">Mano de obra calificada que cubre la mayor\u00eda de las ciudades<\/span><\/div>\n\n\n\n<div class=\"wp-block-uagb-icon-list-child uagb-block-b2b23553\"><span class=\"uagb-icon-list__label\">Comunicaci\u00f3n m\u00e1s f\u00e1cil<\/span><\/div>\n\n\n\n<div class=\"wp-block-uagb-icon-list-child uagb-block-8f410358\"><span class=\"uagb-icon-list__label\">Diferentes tipos de trabajo<\/span><\/div>\n\n\n\n<div class=\"wp-block-uagb-icon-list-child uagb-block-f7bd583c\"><span class=\"uagb-icon-list__label\">Historia de la experiencia laboral<\/span><\/div>\n<\/div><\/div>\n<\/div>\n<\/div>\n\n\n\n<div class=\"wp-block-uagb-container uagb-block-658cb926 alignfull uagb-is-root-container\"><div class=\"uagb-container-inner-blocks-wrap\">\n<div class=\"wp-block-uagb-buttons uagb-buttons__outer-wrap uagb-btn__default-btn uagb-btn-tablet__default-btn uagb-btn-mobile__default-btn uagb-block-619afe28\"><div class=\"uagb-buttons__wrap uagb-buttons-layout-wrap\">\n<div class=\"wp-block-uagb-buttons-child uagb-buttons__outer-wrap uagb-block-8f217925 wp-block-button\"><div class=\"uagb-button__wrapper\"><a class=\"uagb-buttons-repeater wp-block-button__link\" aria-label=\"\" href=\"https:\/\/laborshortage.la\/es\/about\/\" rel=\"follow noopener\" target=\"_self\" role=\"button\"><div class=\"uagb-button__link\">Sobre nosotros<\/div><\/a><\/div><\/div>\n<\/div><\/div>\n<\/div><\/div>\n\n\n\n<p><\/p>","protected":false},"excerpt":{"rendered":"<p>Lo que tratamos de ofrecer Estas son algunas de las cosas que tratamos de lograr con la escasez de mano de obra<\/p>","protected":false},"author":1,"featured_media":0,"parent":0,"menu_order":0,"comment_status":"closed","ping_status":"closed","template":"","meta":{"_uag_custom_page_level_css":"","site-sidebar-layout":"no-sidebar","site-content-layout":"plain-container","ast-site-content-layout":"normal-width-container","site-content-style":"unboxed","site-sidebar-style":"unboxed","ast-global-header-display":"","ast-banner-title-visibility":"","ast-main-header-display":"","ast-hfb-above-header-display":"","ast-hfb-below-header-display":"","ast-hfb-mobile-header-display":"","site-post-title":"disabled","ast-breadcrumbs-content":"","ast-featured-img":"disabled","footer-sml-layout":"","theme-transparent-header-meta":"enabled","adv-header-id-meta":"","stick-header-meta":"","header-above-stick-meta":"","header-main-stick-meta":"","header-below-stick-meta":"","astra-migrate-meta-layouts":"set","ast-page-background-enabled":"default","ast-page-background-meta":{"desktop":{"background-color":"var(--ast-global-color-4)","background-image":"","background-repeat":"repeat","background-position":"center center","background-size":"auto","background-attachment":"scroll","background-type":"","background-media":"","overlay-type":"","overlay-color":"","overlay-opacity":"","overlay-gradient":""},"tablet":{"background-color":"","background-image":"","background-repeat":"repeat","background-position":"center center","background-size":"auto","background-attachment":"scroll","background-type":"","background-media":"","overlay-type":"","overlay-color":"","overlay-opacity":"","overlay-gradient":""},"mobile":{"background-color":"","background-image":"","background-repeat":"repeat","background-position":"center center","background-size":"auto","background-attachment":"scroll","background-type":"","background-media":"","overlay-type":"","overlay-color":"","overlay-opacity":"","overlay-gradient":""}},"ast-content-background-meta":{"desktop":{"background-color":"var(--ast-global-color-5)","background-image":"","background-repeat":"repeat","background-position":"center center","background-size":"auto","background-attachment":"scroll","background-type":"","background-media":"","overlay-type":"","overlay-color":"","overlay-opacity":"","overlay-gradient":""},"tablet":{"background-color":"var(--ast-global-color-5)","background-image":"","background-repeat":"repeat","background-position":"center center","background-size":"auto","background-attachment":"scroll","background-type":"","background-media":"","overlay-type":"","overlay-color":"","overlay-opacity":"","overlay-gradient":""},"mobile":{"background-color":"var(--ast-global-color-5)","background-image":"","background-repeat":"repeat","background-position":"center center","background-size":"auto","background-attachment":"scroll","background-type":"","background-media":"","overlay-type":"","overlay-color":"","overlay-opacity":"","overlay-gradient":""}},"footnotes":""},"class_list":["post-493","page","type-page","status-publish","hentry"],"uagb_featured_image_src":{"full":false,"thumbnail":false,"medium":false,"medium_large":false,"large":false,"1536x1536":false,"2048x2048":false,"trp-custom-language-flag":false},"uagb_author_info":{"display_name":"MoudyB123","author_link":"https:\/\/laborshortage.la\/es\/author\/moudyb123\/"},"uagb_comment_info":0,"uagb_excerpt":"What We Try To Provide Here are some of the things we try to achieve with Labor Shortage","jetpack_sharing_enabled":true,"_links":{"self":[{"href":"https:\/\/laborshortage.la\/es\/wp-json\/wp\/v2\/pages\/493","targetHints":{"allow":["GET"]}}],"collection":[{"href":"https:\/\/laborshortage.la\/es\/wp-json\/wp\/v2\/pages"}],"about":[{"href":"https:\/\/laborshortage.la\/es\/wp-json\/wp\/v2\/types\/page"}],"author":[{"embeddable":true,"href":"https:\/\/laborshortage.la\/es\/wp-json\/wp\/v2\/users\/1"}],"replies":[{"embeddable":true,"href":"https:\/\/laborshortage.la\/es\/wp-json\/wp\/v2\/comments?post=493"}],"version-history":[{"count":19,"href":"https:\/\/laborshortage.la\/es\/wp-json\/wp\/v2\/pages\/493\/revisions"}],"predecessor-version":[{"id":1308,"href":"https:\/\/laborshortage.la\/es\/wp-json\/wp\/v2\/pages\/493\/revisions\/1308"}],"wp:attachment":[{"href":"https:\/\/laborshortage.la\/es\/wp-json\/wp\/v2\/media?parent=493"}],"curies":[{"name":"wp","href":"https:\/\/api.w.org\/{rel}","templated":true}]}}